{"id":1192,"date":"2018-03-02T12:39:49","date_gmt":"2018-03-02T12:39:49","guid":{"rendered":"http:\/\/projektraumfn.com\/?page_id=1192"},"modified":"2018-04-23T20:54:28","modified_gmt":"2018-04-23T20:54:28","slug":"himmelsschwarmer","status":"publish","type":"page","link":"https:\/\/projektraumfn.com\/index.php\/himmelsschwarmer\/","title":{"rendered":"Himmelsschw\u00e4rmer bei St. Nikolaus"},"content":{"rendered":"<p><img loading=\"lazy\" decoding=\"async\" class=\"alignnone size-large wp-image-1280\" src=\"http:\/\/projektraumfn.com\/wp-content\/uploads\/2018\/04\/Bienen-1024x1024.jpg\" alt=\"\" width=\"780\" height=\"780\" srcset=\"https:\/\/projektraumfn.com\/wp-content\/uploads\/2018\/04\/Bienen-1024x1024.jpg 1024w, https:\/\/projektraumfn.com\/wp-content\/uploads\/2018\/04\/Bienen-450x450.jpg 450w, https:\/\/projektraumfn.com\/wp-content\/uploads\/2018\/04\/Bienen-100x100.jpg 100w, https:\/\/projektraumfn.com\/wp-content\/uploads\/2018\/04\/Bienen-600x600.jpg 600w, https:\/\/projektraumfn.com\/wp-content\/uploads\/2018\/04\/Bienen-150x150.jpg 150w, https:\/\/projektraumfn.com\/wp-content\/uploads\/2018\/04\/Bienen-300x300.jpg 300w, https:\/\/projektraumfn.com\/wp-content\/uploads\/2018\/04\/Bienen-768x768.jpg 768w\" sizes=\"auto, (max-width: 780px) 100vw, 780px\" \/><\/p>\n<p>Wir arbeiten an einer Installation zur Feier der Bienen, die von Mai bis September in der St. Nikolauskirche installiert wird. F\u00fcr dieses Projekt suchen wir Hilfe beim Kleben und Verlegen der Bienen aus Papier und Draht. Unser Ziel ist es, 2600 Bienen zu machen und sie an 30 seidenen Sonnenblumen (mit Stahlstielen) in der ganzen Kirche zu befestigen. Im Chorbereich hinter dem Altar wird ein Wandgem\u00e4lde (auf Leinwand gemalt) aufgestellt. Freiwillige Helfer werden f\u00fcr die Erstellung und Installation der Bienen ben\u00f6tigt. Wenn es Studenten gibt, die ein besonderes Interesse an der Malerei haben, kann ich sie in die Wandmalerei einbeziehen. Dies w\u00fcrde separat geplant werden. Auf dieser Seite finden Sie Links, um sich f\u00fcr Arbeitstage im Studio anzumelden. Wir k\u00f6nnen bis zu 12 Personen gleichzeitig im Studio unterbringen. Ich habe die Arbeitszeiten in 4-Stunden-Abschnitte aufgeteilt, aber Sie k\u00f6nnen auch f\u00fcr k\u00fcrzere Zeitr\u00e4ume teilnehmen, und wenn Sie Interesse und die F\u00e4higkeit zu detaillierter Handarbeit haben, k\u00f6nnen Sie sich gerne f\u00fcr ganzt\u00e4gige Sitzungen anmelden. In diesem Fall bitte ich Sie, ein Mittagessen mitzubringen. Das Atelier befindet sich in Manzell Friedrichshafen, direkt hinter der Waldhorn Apotheke gegen\u00fcber dem Hotel Waldhorn. \u00dcber der Eingangst\u00fcr befindet sich ein Schild &#8220;ProjekTraum&#8221;. Wenn Sie ein Lehrer sind, der eine Klasse hat, die Ihrer Meinung nach gut zu diesem Projekt passt, kontaktieren Sie bitte Felicia Glidden, um einen Workshop in der Klasse zu besprechen. Wir sind dankbar f\u00fcr Ihre Teilnahme an diesem Projekt und freuen uns auf die Zusammenarbeit mit Ihnen.<\/p>\n<p>[one_time_volunteer_opps]<\/p>\n<p>We are working on an installation celebrating bees that will be installed in the St Nikolaus Church from May until September. For this project, we are looking for help gluing and installing the bees out of paper and wire. Our goal is to make 2600 bees and attach them to 30 silk sunflowers (with steel stems) throughout the church. There will also be a mural (painted on canvas) that will be installed in the choir area behind the altar. Volunteers are needed for the bee creation and installation. If there are any students with a special interest in painting, I can include them in making the mural. This would be scheduled separately. On this page, you find links to sign up sheets for work days in the studio. We can accommodate up to 12 people in the studio at a time. I have divided the work times into 4-hour sections, but you are welcome to attend for shorter time periods as well, and if you are interested and have an aptitude for detailed handwork, you are certainly welcome to sign up for full-day sessions. In which case I ask you to bring a lunch. The studio is located in Manzell Friedrichshafen, just behind the Waldhorn Apotheke directly across from the Waldhorn Hotel. There is a sign &#8220;ProjekTraum&#8221; above the entrance door. If you are a teacher who has a class that you think would be a good fit for this project, please contact Felicia Glidden to discuss an in-class workshop. We are grateful for your participation in this project and look forward to working with you.<\/p>\n<p>&nbsp;<\/p>\n<p>\u00dcbersetzt mit www.DeepL.com\/Translator<\/p>\n","protected":false},"excerpt":{"rendered":"<p>Wir arbeiten an einer Installation zur Feier der Bienen, die von Mai bis September in der St. Nikolauskirche installiert wird. F\u00fcr dieses Projekt suchen wir Hilfe beim Kleben und Verlegen der Bienen aus Papier und Draht. Unser Ziel ist es, 2600 Bienen zu machen und sie an 30 seidenen Sonnenblumen (mit Stahlstielen) in der ganzen [&hellip;]<\/p>\n","protected":false},"author":1,"featured_media":0,"parent":0,"menu_order":0,"comment_status":"closed","ping_status":"closed","template":"","meta":{"footnotes":""},"class_list":["post-1192","page","type-page","status-publish","hentry"],"_links":{"self":[{"href":"https:\/\/projektraumfn.com\/index.php\/wp-json\/wp\/v2\/pages\/1192","targetHints":{"allow":["GET"]}}],"collection":[{"href":"https:\/\/projektraumfn.com\/index.php\/wp-json\/wp\/v2\/pages"}],"about":[{"href":"https:\/\/projektraumfn.com\/index.php\/wp-json\/wp\/v2\/types\/page"}],"author":[{"embeddable":true,"href":"https:\/\/projektraumfn.com\/index.php\/wp-json\/wp\/v2\/users\/1"}],"replies":[{"embeddable":true,"href":"https:\/\/projektraumfn.com\/index.php\/wp-json\/wp\/v2\/comments?post=1192"}],"version-history":[{"count":7,"href":"https:\/\/projektraumfn.com\/index.php\/wp-json\/wp\/v2\/pages\/1192\/revisions"}],"predecessor-version":[{"id":1297,"href":"https:\/\/projektraumfn.com\/index.php\/wp-json\/wp\/v2\/pages\/1192\/revisions\/1297"}],"wp:attachment":[{"href":"https:\/\/projektraumfn.com\/index.php\/wp-json\/wp\/v2\/media?parent=1192"}],"curies":[{"name":"wp","href":"https:\/\/api.w.org\/{rel}","templated":true}]}}